{"id":7,"date":"2025-11-13T09:04:23","date_gmt":"2025-11-13T09:04:23","guid":{"rendered":"https:\/\/boas.bergerweb.ch\/?page_id=7"},"modified":"2025-11-13T15:41:43","modified_gmt":"2025-11-13T15:41:43","slug":"das-bin-ich","status":"publish","type":"page","link":"https:\/\/boas.bergerweb.ch\/?page_id=7","title":{"rendered":""},"content":{"rendered":"\n<p class=\"has-text-align-center has-x-large-font-size\">Das bin ich<\/p>\n\n\n\n<p class=\"has-text-align-center has-medium-font-size\">Ich heisse Boas Berger<\/p>\n\n\n\n<p class=\"has-text-align-center has-medium-font-size\">und bin 13 Jahre alt.<\/p>\n\n\n\n<p class=\"has-text-align-center has-medium-font-size\">Ich wohne in Stettfurt und meine Hobbys sind:<\/p>\n\n\n\n<p class=\"has-text-align-center has-medium-font-size\">Chillen, Sport, Basteln &#8230;<\/p>\n\n\n\n<p class=\"has-text-align-center has-medium-font-size\">Haustiere habe ich keine mehr ich hatte eimal Meerschweinchen.<\/p>\n\n\n\n<p><\/p>\n\n\n\n<p class=\"has-text-align-center has-medium-font-size\">Wenn du etwas \u00fcber Videospiele wissen m\u00f6chtest Dr\u00fccke auf den Button:<\/p>\n\n\n\n<div class=\"wp-block-buttons has-custom-font-size has-large-font-size is-content-justification-center is-layout-flex wp-container-core-buttons-is-layout-a89b3969 wp-block-buttons-is-layout-flex\">\n<div class=\"wp-block-button\"><a class=\"wp-block-button__link has-medium-font-size has-text-align-center has-custom-font-size wp-element-button\" href=\"https:\/\/boas.bergerweb.ch\/?page_id=11\">Videospiele<\/a><\/div>\n<\/div>\n\n\n\n<p>Wenn dich Videospiele nicht interessieren dann Dr\u00fccke auf diesen Knopf:<\/p>\n\n\n\n<div class=\"wp-block-buttons is-content-justification-center is-layout-flex wp-container-core-buttons-is-layout-a89b3969 wp-block-buttons-is-layout-flex\">\n<div class=\"wp-block-button\"><a class=\"wp-block-button__link has-text-align-center wp-element-button\">Nicht Interessiert<\/a><\/div>\n<\/div>\n\n\n\n<p><\/p>\n\n\n\n<p><\/p>\n\n\n\n<p><\/p>\n","protected":false},"excerpt":{"rendered":"<p>Das bin ich Ich heisse Boas Berger und bin 13 Jahre alt. Ich wohne in Stettfurt und meine Hobbys sind: Chillen, Sport, Basteln &#8230; Haustiere habe ich keine mehr ich hatte eimal Meerschweinchen. Wenn du etwas \u00fcber Videospiele wissen m\u00f6chtest Dr\u00fccke auf den Button: Wenn dich Videospiele nicht interessieren dann Dr\u00fccke auf diesen Knopf:<\/p>\n","protected":false},"author":1,"featured_media":0,"parent":0,"menu_order":0,"comment_status":"closed","ping_status":"closed","template":"","meta":{"footnotes":""},"class_list":["post-7","page","type-page","status-publish","hentry"],"_links":{"self":[{"href":"https:\/\/boas.bergerweb.ch\/index.php?rest_route=\/wp\/v2\/pages\/7","targetHints":{"allow":["GET"]}}],"collection":[{"href":"https:\/\/boas.bergerweb.ch\/index.php?rest_route=\/wp\/v2\/pages"}],"about":[{"href":"https:\/\/boas.bergerweb.ch\/index.php?rest_route=\/wp\/v2\/types\/page"}],"author":[{"embeddable":true,"href":"https:\/\/boas.bergerweb.ch\/index.php?rest_route=\/wp\/v2\/users\/1"}],"replies":[{"embeddable":true,"href":"https:\/\/boas.bergerweb.ch\/index.php?rest_route=%2Fwp%2Fv2%2Fcomments&post=7"}],"version-history":[{"count":7,"href":"https:\/\/boas.bergerweb.ch\/index.php?rest_route=\/wp\/v2\/pages\/7\/revisions"}],"predecessor-version":[{"id":62,"href":"https:\/\/boas.bergerweb.ch\/index.php?rest_route=\/wp\/v2\/pages\/7\/revisions\/62"}],"wp:attachment":[{"href":"https:\/\/boas.bergerweb.ch\/index.php?rest_route=%2Fwp%2Fv2%2Fmedia&parent=7"}],"curies":[{"name":"wp","href":"https:\/\/api.w.org\/{rel}","templated":true}]}}